{"id":122,"date":"2021-12-01T11:49:31","date_gmt":"2021-12-01T11:49:31","guid":{"rendered":"http:\/\/meating.si\/index.php\/meating-2\/"},"modified":"2026-04-06T13:40:11","modified_gmt":"2026-04-06T13:40:11","slug":"meating-2","status":"publish","type":"page","link":"https:\/\/meating.si\/","title":{"rendered":"Meating"},"content":{"rendered":"\n    \n    <section class=\"u-clearfix u-image u-section-2\" id=\"sec-0e45\" data-image-width=\"1920\" data-image-height=\"1080\" style=\"background-image: url(&quot;https:\/\/meating.si\/wp-content\/uploads\/2024\/11\/Izdelekbreznaslova.jpg&quot;);\">\n      <div class=\"u-clearfix u-sheet u-valign-middle u-sheet-1\">\n        <img decoding=\"async\" class=\"u-image u-image-contain u-image-default u-image-1\" src=\"https:\/\/meating.si\/wp-content\/uploads\/2026\/04\/novi-1.png\" alt=\"\" data-image-width=\"1426\" data-image-height=\"2000\">\n      <\/div>\n    <\/section>\n    <section class=\"skrollable u-align-center u-clearfix u-container-align-center u-image u-parallax u-section-3\" src=\"\" data-image-width=\"1798\" data-image-height=\"1192\" id=\"sec-6265\" style=\"background-image: url(&quot;https:\/\/meating.si\/wp-content\/uploads\/2021\/12\/bg01-1798x1192-2.png&quot;);\">\n      <div class=\"u-clearfix u-sheet u-valign-middle u-sheet-1\">\n        <h1 class=\"u-custom-font u-text u-text-default u-title u-text-1\" data-animation-name=\"pulse\" data-animation-duration=\"1000\" data-animation-delay=\"0\" data-animation-direction=\"\">Meating<\/h1>\n        <p class=\"u-custom-font u-large-text u-text u-text-variant u-text-2\" data-animation-name=\"fadeIn\" data-animation-duration=\"1000\" data-animation-delay=\"0\" data-animation-direction=\"\"> V imenu MEATING se skriva zgodba na\u0161ega puba in restavracije.<br>Beseda MEATING, skovana iz treh angle\u0161kih besed,<br>zdru\u017euje glavne poudarke na\u0161e ponudbe: \n        <\/p>\n        <p class=\"u-custom-font u-font-arial u-large-text u-text u-text-body-alt-color u-text-variant u-text-3\" data-animation-name=\"fadeIn\" data-animation-duration=\"1000\" data-animation-delay=\"0\" data-animation-direction=\"\"><span style=\"font-weight: 700; font-size: 1.25rem;\"> MEAT&nbsp;(meso):<\/span>\n          <br>Namiguje na to, da smo mojstri mesnih specialitet, kot so burgerji, steaki,<br>Philly cheese steaki. Nedvomno pa se bo na\u0161lo tudi kaj za tiste,<br>ki bolj u\u017eivate v vegetarijanskih in\/ali morskih jedeh.<br>\n          <br><span style=\"font-size: 1.25rem; font-weight: 700;\">EAT&nbsp;(jesti):<\/span>\n          <br>Pri\u0161li ste na pravi naslov! Va\u0161i obiski pri nas bodo ve\u010dinoma povezani z u\u017eivanjem<br>kulinari\u010dnih mojstrovin na\u0161ih kuharjev. Vabljeni pa ste tudi na kavico, pivo, cocktail \u2026<br>Veseli bomo celo tistih, ki pridete zgolj po zdravo in nasmeh. \ud83d\ude42<br>\n          <br><span style=\"font-weight: 700; font-size: 1.25rem;\">MEETING&nbsp;(sre\u010danje):<\/span>\n          <br>Prepri\u010dani smo, da bo MEATING postal najbolj priljubljeno mesto va\u0161ih dru\u017eabnih ali<br>slu\u017ebenih sre\u010danj. Kmalu se boste lahko dogovorili kar s \u00bbtam kot vedno\u00ab.<br>V MEATINGu bomo ustregli \u017eeljam razli\u010dnih gostov, zato lahko k nam na kosilo<br>povabite poslovnega partnerja, na zmenek pripeljete izbranca\/izbranko<br>ali z dru\u017eino praznujete rojstni dan oz. katerikoli pomemben dogodek. \n        <\/p>\n      <\/div>\n    <\/section>\n    <section class=\"skrollable u-align-center u-clearfix u-container-align-center u-image u-section-4\" src=\"\" data-image-width=\"1739\" data-image-height=\"634\" id=\"carousel_52d9\" style=\"background-image: url(&quot;https:\/\/meating.si\/wp-content\/uploads\/2021\/12\/delcas-1.png&quot;);\">\n      <div class=\"u-clearfix u-sheet u-valign-middle u-sheet-1\">\n        <h1 class=\"u-custom-font u-font-lobster u-text u-text-custom-color-2 u-text-default u-title u-text-1\" data-animation-name=\"pulse\" data-animation-duration=\"1000\" data-animation-delay=\"0\" data-animation-direction=\"\">Rezervacije:<\/h1>\n        <p class=\"u-large-text u-text u-text-variant u-text-white u-text-2\" data-animation-name=\"tada\" data-animation-duration=\"1000\" data-animation-delay=\"0\" data-animation-direction=\"\"><span class=\"u-icon u-icon-1\"><svg class=\"u-svg-content\" viewBox=\"0 0 480.56 480.56\" x=\"0px\" y=\"0px\" style=\"width: 1em; height: 1em;\"><g><g><path d=\"M365.354,317.9c-15.7-15.5-35.3-15.5-50.9,0c-11.9,11.8-23.8,23.6-35.5,35.6c-3.2,3.3-5.9,4-9.8,1.8    c-7.7-4.2-15.9-7.6-23.3-12.2c-34.5-21.7-63.4-49.6-89-81c-12.7-15.6-24-32.3-31.9-51.1c-1.6-3.8-1.3-6.3,1.8-9.4    c11.9-11.5,23.5-23.3,35.2-35.1c16.3-16.4,16.3-35.6-0.1-52.1c-9.3-9.4-18.6-18.6-27.9-28c-9.6-9.6-19.1-19.3-28.8-28.8    c-15.7-15.3-35.3-15.3-50.9,0.1c-12,11.8-23.5,23.9-35.7,35.5c-11.3,10.7-17,23.8-18.2,39.1c-1.9,24.9,4.2,48.4,12.8,71.3    c17.6,47.4,44.4,89.5,76.9,128.1c43.9,52.2,96.3,93.5,157.6,123.3c27.6,13.4,56.2,23.7,87.3,25.4c21.4,1.2,40-4.2,54.9-20.9    c10.2-11.4,21.7-21.8,32.5-32.7c16-16.2,16.1-35.8,0.2-51.8C403.554,355.9,384.454,336.9,365.354,317.9z\"><\/path><path d=\"M346.254,238.2l36.9-6.3c-5.8-33.9-21.8-64.6-46.1-89c-25.7-25.7-58.2-41.9-94-46.9l-5.2,37.1    c27.7,3.9,52.9,16.4,72.8,36.3C329.454,188.2,341.754,212,346.254,238.2z\"><\/path><path d=\"M403.954,77.8c-42.6-42.6-96.5-69.5-156-77.8l-5.2,37.1c51.4,7.2,98,30.5,134.8,67.2c34.9,34.9,57.8,79,66.1,127.5    l36.9-6.3C470.854,169.3,444.354,118.3,403.954,77.8z\"><\/path>\n<\/g>\n<\/g><\/svg><\/span>&nbsp;\u200b070 678 678 \n        <\/p>\n      <\/div>\n    <\/section>\n    <section class=\"u-clearfix u-valign-middle u-section-5\" id=\"carousel_18fe\">\n      <div class=\"u-expanded-width u-gallery u-layout-grid u-lightbox u-no-transition u-show-text-on-hover u-gallery-1\">\n        <div class=\"u-gallery-inner u-gallery-inner-1\">\n          <div class=\"u-effect-fade u-gallery-item\">\n            <div class=\"u-back-slide\" data-image-width=\"1600\" data-image-height=\"1154\">\n              <img decoding=\"async\" class=\"u-back-image u-expanded\" src=\"https:\/\/meating.si\/wp-content\/uploads\/2021\/12\/01-1.jpg\">\n            <\/div>\n            <div class=\"u-over-slide u-shading u-over-slide-1\"><\/div>\n          <\/div>\n          <div class=\"u-effect-fade u-gallery-item u-gallery-item-2\">\n            <div class=\"u-back-slide\" data-image-width=\"1731\" data-image-height=\"1248\">\n              <img decoding=\"async\" class=\"u-back-image u-expanded\" src=\"https:\/\/meating.si\/wp-content\/uploads\/2021\/12\/02-1.jpg\">\n            <\/div>\n            <div class=\"u-over-slide u-shading u-over-slide-2\"><\/div>\n          <\/div>\n          <div class=\"u-effect-fade u-gallery-item u-gallery-item-3\">\n            <div class=\"u-back-slide\" data-image-width=\"1600\" data-image-height=\"1154\">\n              <img decoding=\"async\" class=\"u-back-image u-expanded\" src=\"https:\/\/meating.si\/wp-content\/uploads\/2021\/12\/03-2-1.jpg\">\n            <\/div>\n            <div class=\"u-over-slide u-shading u-over-slide-3\"><\/div>\n          <\/div>\n          <div class=\"u-effect-fade u-gallery-item\" data-image-width=\"720\" data-image-height=\"1080\">\n            <div class=\"u-back-slide\" data-image-width=\"1600\" data-image-height=\"1154\">\n              <img decoding=\"async\" class=\"u-back-image u-expanded\" src=\"https:\/\/meating.si\/wp-content\/uploads\/2021\/12\/04-1.jpg\">\n            <\/div>\n            <div class=\"u-over-slide u-shading u-over-slide-4\"><\/div>\n          <\/div>\n          <div class=\"u-effect-fade u-gallery-item\" data-image-width=\"720\" data-image-height=\"1080\">\n            <div class=\"u-back-slide\" data-image-width=\"1600\" data-image-height=\"1154\">\n              <img decoding=\"async\" class=\"u-back-image u-expanded\" src=\"https:\/\/meating.si\/wp-content\/uploads\/2021\/12\/05-1.jpg\">\n            <\/div>\n            <div class=\"u-over-slide u-shading u-over-slide-5\"><\/div>\n          <\/div>\n          <div class=\"u-effect-fade u-gallery-item\" data-image-width=\"720\" data-image-height=\"1080\">\n            <div class=\"u-back-slide\" data-image-width=\"1600\" data-image-height=\"1154\">\n              <img decoding=\"async\" class=\"u-back-image u-expanded\" src=\"https:\/\/meating.si\/wp-content\/uploads\/2021\/12\/06-1.jpg\">\n            <\/div>\n            <div class=\"u-over-slide u-shading u-over-slide-6\"><\/div>\n          <\/div>\n          <div class=\"u-effect-fade u-gallery-item\" data-image-width=\"720\" data-image-height=\"1080\">\n            <div class=\"u-back-slide\" data-image-width=\"1600\" data-image-height=\"1154\">\n              <img decoding=\"async\" class=\"u-back-image u-expanded\" src=\"https:\/\/meating.si\/wp-content\/uploads\/2021\/12\/07-1.jpg\">\n            <\/div>\n            <div class=\"u-over-slide u-shading u-over-slide-7\"><\/div>\n          <\/div>\n          <div class=\"u-effect-fade u-gallery-item\" data-image-width=\"720\" data-image-height=\"1080\">\n            <div class=\"u-back-slide\" data-image-width=\"1600\" data-image-height=\"1154\">\n              <img decoding=\"async\" class=\"u-back-image u-expanded\" src=\"https:\/\/meating.si\/wp-content\/uploads\/2021\/12\/08-1.jpg\">\n            <\/div>\n            <div class=\"u-over-slide u-shading u-over-slide-8\"><\/div>\n          <\/div>\n        <\/div>\n      <\/div>\n    <\/section>\n    <section class=\"u-clearfix u-valign-middle u-section-6\" id=\"carousel_a635\">\n      <div class=\"u-expanded-width u-gallery u-layout-grid u-lightbox u-no-transition u-show-text-on-hover u-gallery-1\">\n        <div class=\"u-gallery-inner u-gallery-inner-1\">\n          <div class=\"u-effect-fade u-gallery-item\">\n            <div class=\"u-back-slide\" data-image-width=\"1600\" data-image-height=\"1154\">\n              <img decoding=\"async\" class=\"u-back-image u-expanded\" src=\"https:\/\/meating.si\/wp-content\/uploads\/2021\/12\/09-1.jpg\">\n            <\/div>\n            <div class=\"u-over-slide u-shading u-over-slide-1\"><\/div>\n          <\/div>\n          <div class=\"u-effect-fade u-gallery-item u-gallery-item-2\">\n            <div class=\"u-back-slide\" data-image-width=\"1600\" data-image-height=\"1154\">\n              <img decoding=\"async\" class=\"u-back-image u-expanded\" src=\"https:\/\/meating.si\/wp-content\/uploads\/2021\/12\/10-1.jpg\">\n            <\/div>\n            <div class=\"u-over-slide u-shading u-over-slide-2\"><\/div>\n          <\/div>\n          <div class=\"u-effect-fade u-gallery-item u-gallery-item-3\">\n            <div class=\"u-back-slide\" data-image-width=\"1600\" data-image-height=\"1154\">\n              <img decoding=\"async\" class=\"u-back-image u-expanded\" src=\"https:\/\/meating.si\/wp-content\/uploads\/2021\/12\/11-1.jpg\">\n            <\/div>\n            <div class=\"u-over-slide u-shading u-over-slide-3\"><\/div>\n          <\/div>\n          <div class=\"u-effect-fade u-gallery-item\" data-image-width=\"720\" data-image-height=\"1080\">\n            <div class=\"u-back-slide\" data-image-width=\"1731\" data-image-height=\"1248\">\n              <img decoding=\"async\" class=\"u-back-image u-expanded\" src=\"https:\/\/meating.si\/wp-content\/uploads\/2021\/12\/12-1.jpg\">\n            <\/div>\n            <div class=\"u-over-slide u-shading u-over-slide-4\"><\/div>\n          <\/div>\n          <div class=\"u-effect-fade u-gallery-item\" data-image-width=\"720\" data-image-height=\"1080\">\n            <div class=\"u-back-slide\" data-image-width=\"1600\" data-image-height=\"1154\">\n              <img decoding=\"async\" class=\"u-back-image u-expanded\" src=\"https:\/\/meating.si\/wp-content\/uploads\/2021\/12\/13-1.jpg\">\n            <\/div>\n            <div class=\"u-over-slide u-shading u-over-slide-5\"><\/div>\n          <\/div>\n          <div class=\"u-effect-fade u-gallery-item\" data-image-width=\"720\" data-image-height=\"1080\">\n            <div class=\"u-back-slide\" data-image-width=\"1600\" data-image-height=\"1154\">\n              <img decoding=\"async\" class=\"u-back-image u-expanded\" src=\"https:\/\/meating.si\/wp-content\/uploads\/2021\/12\/14-1.jpg\">\n            <\/div>\n            <div class=\"u-over-slide u-shading u-over-slide-6\"><\/div>\n          <\/div>\n          <div class=\"u-effect-fade u-gallery-item\" data-image-width=\"720\" data-image-height=\"1080\">\n            <div class=\"u-back-slide\" data-image-width=\"1731\" data-image-height=\"1248\">\n              <img decoding=\"async\" class=\"u-back-image u-expanded\" src=\"https:\/\/meating.si\/wp-content\/uploads\/2021\/12\/15-1.jpg\">\n            <\/div>\n            <div class=\"u-over-slide u-shading u-over-slide-7\"><\/div>\n          <\/div>\n          <div class=\"u-effect-fade u-gallery-item\" data-image-width=\"720\" data-image-height=\"1080\">\n            <div class=\"u-back-slide\" data-image-width=\"1600\" data-image-height=\"1154\">\n              <img decoding=\"async\" class=\"u-back-image u-expanded\" src=\"https:\/\/meating.si\/wp-content\/uploads\/2021\/12\/16-1.jpg\">\n            <\/div>\n            <div class=\"u-over-slide u-shading u-over-slide-8\"><\/div>\n          <\/div>\n        <\/div>\n      <\/div>\n    <\/section>\n    <section class=\"skrollable u-align-center u-clearfix u-container-align-center u-image u-section-7\" src=\"\" data-image-width=\"1739\" data-image-height=\"634\" id=\"carousel_52c1\" style=\"background-image: url(&quot;https:\/\/meating.si\/wp-content\/uploads\/2021\/12\/delcas-1.png&quot;);\">\n      <div class=\"u-clearfix u-sheet u-valign-middle u-sheet-1\">\n        <h1 class=\"u-custom-font u-font-lobster u-text u-text-custom-color-2 u-text-default u-title u-text-1\" data-animation-name=\"pulse\" data-animation-duration=\"1000\" data-animation-delay=\"0\" data-animation-direction=\"\"> Delovni \u010cas:<\/h1>\n        <p class=\"u-large-text u-text u-text-variant u-text-white u-text-2\" data-animation-name=\"fadeIn\" data-animation-duration=\"1000\" data-animation-delay=\"0\" data-animation-direction=\"\"> PONEDELJEK: <span style=\"font-weight: 400;\">10:00 - 22:00<\/span>\n          <br>TOREK:&nbsp;<span style=\"font-weight: 400;\">10:00 - 22:00<\/span>\n          <br>SREDA:&nbsp;<span style=\"font-weight: 400;\">10:00 - 22:00<\/span>\n          <br>\u010cETRTEK:&nbsp;<span style=\"font-weight: 400;\">10:00 - 22:00<\/span>\n          <br>PETEK:&nbsp;<span style=\"font-weight: 400;\">10:00 - 23:00<\/span>\n          <br>SOBOTA:&nbsp;<span style=\"font-weight: 400;\">11:00 - 23:00<\/span>\n          <br>NEDELJE:&nbsp;<span style=\"font-weight: 400;\">11:00 - 21:00<\/span>\n        <\/p>\n      <\/div>\n    <\/section>\n    <section class=\"u-clearfix u-section-8\" id=\"sec-5a99\">\n      <div class=\"u-expanded u-grey-10 u-map\">\n        <div class=\"embed-responsive\">\n          <iframe class=\"embed-responsive-item\" src=\"\/\/maps.google.com\/maps?output=embed&amp;q=Mlinska%20ulica%202%2C%0A2000%20Maribor&amp;t=m\" data-map=\"JTdCJTIycG9zaXRpb25UeXBlJTIyJTNBJTIybWFwLWFkZHJlc3MlMjIlMkMlMjJhZGRyZXNzJTIyJTNBJTIyTWxpbnNrYSUyMHVsaWNhJTIwMiUyQyU1Q24yMDAwJTIwTWFyaWJvciUyMiUyQyUyMnpvb20lMjIlM0ElMjIlMjIlMkMlMjJ0eXBlSWQlMjIlM0ElMjJyb2FkJTIyJTJDJTIybGFuZyUyMiUzQW51bGwlMkMlMjJhcGlLZXklMjIlM0FudWxsJTJDJTIybWFya2VycyUyMiUzQSU1QiU1RCU3RA==\"><\/iframe>\n        <\/div>\n      <\/div>\n    <\/section>\n    <section class=\"u-align-center u-clearfix u-container-align-center u-image u-section-9\" id=\"sec-de87\" data-image-width=\"1798\" data-image-height=\"1192\" style=\"background-image: url(&quot;https:\/\/meating.si\/wp-content\/uploads\/2021\/12\/bg01-1798x1192-2.png&quot;);\">\n      <div class=\"u-clearfix u-sheet u-valign-middle u-sheet-1\">\n        <h2 class=\"u-custom-font u-font-lobster u-text u-text-black u-text-default u-text-1\" data-animation-name=\"pulse\" data-animation-duration=\"1000\" data-animation-delay=\"0\" data-animation-direction=\"\">Pi\u0161ite nam!<\/h2>\n        <div class=\"u-form u-form-1\">\n          <form action=\"https:\/\/meating.si\/wp-content\/plugins\/nicepage\/templates\/form.php?id=122&formId=2079-de87\" class=\"u-clearfix u-form-spacing-10 u-form-vertical u-inner-form\" style=\"padding: 10px\" source=\"customphp\" name=\"form\">\n            <div class=\"u-form-group u-form-name\">\n              <label for=\"name-3b9a\" class=\"u-form-control-hidden u-label\">Name<\/label>\n              <input type=\"text\" placeholder=\"IME\" id=\"name-3b9a\" name=\"name\" class=\"u-input u-input-rectangle\" required=\"\" fdprocessedid=\"tdowoc\">\n            <\/div>\n            <div class=\"u-form-email u-form-group\">\n              <label for=\"email-3b9a\" class=\"u-form-control-hidden u-label\">Email<\/label>\n              <input type=\"email\" placeholder=\"EMAIL\" id=\"email-3b9a\" name=\"email\" class=\"u-input u-input-rectangle\" required=\"\" fdprocessedid=\"sbioo\">\n            <\/div>\n            <div class=\"u-form-group u-form-message\">\n              <label for=\"message-3b9a\" class=\"u-form-control-hidden u-label\">Message<\/label>\n              <textarea placeholder=\"SPORO\u010cILO\" rows=\"4\" cols=\"50\" id=\"message-3b9a\" name=\"message\" class=\"u-input u-input-rectangle\" required=\"\"><\/textarea>\n            <\/div>\n            <div class=\"u-align-center u-form-group u-form-submit\">\n              <a href=\"#\" class=\"u-border-none u-btn u-btn-submit u-button-style u-grey-90 u-hover-grey-50 u-btn-1\"><span class=\"u-icon\"><\/span>&nbsp;PO\u0160LJI \n              <\/a>\n              <input type=\"submit\" value=\"submit\" class=\"u-form-control-hidden\">\n            <\/div>\n            <div class=\"u-form-send-message u-form-send-success\">Hvala za va\u0161e sporo\u010dilo!\nOdgovorimo vam v kratkem.\nEkipa Meating<\/div>\n            <div class=\"u-form-send-error u-form-send-message\">Sporo\u010dilo \u017eal ni mo\u017eno poslati, prosim preverite, \u010de so vsa polja pravilno izpolnjena.<\/div>\n            <input type=\"hidden\" value=\"\" name=\"recaptchaResponse\">\n          <\/form>\n        <\/div>\n      <\/div>\n    <\/section>\n    <section class=\"u-clearfix u-grey-10 u-section-10\" id=\"sec-9036\">\n      <div class=\"u-clearfix u-sheet u-sheet-1\"><\/div>\n    <\/section>\n    <section class=\"u-clearfix u-grey-5 u-section-11\" id=\"sec-b79c\">\n      <div class=\"u-clearfix u-sheet u-sheet-1\"><\/div>\n    <\/section>\n    \n    \n    \n  \n","protected":false},"excerpt":{"rendered":"<p>Meating V imenu MEATING se skriva zgodba na\u0161ega puba in restavracije.Beseda MEATING, skovana iz treh angle\u0161kih besed,zdru\u017euje glavne poudarke na\u0161e ponudbe: MEAT&nbsp;(meso): Namiguje na to, da smo mojstri mesnih specialitet, kot so burgerji, steaki,Philly cheese steaki. Nedvomno pa se bo na\u0161lo tudi kaj za tiste,ki bolj u\u017eivate v vegetarijanskih in\/ali morskih jedeh. EAT&nbsp;(jesti): Pri\u0161li ste &hellip; <a href=\"https:\/\/meating.si\/\" class=\"more-link\">Continue reading<span class=\"screen-reader-text\"> &#8220;Meating&#8221;<\/span><\/a><\/p>\n","protected":false},"author":1,"featured_media":0,"parent":0,"menu_order":2,"comment_status":"closed","ping_status":"closed","template":"","meta":{"footnotes":""},"class_list":["post-122","page","type-page","status-publish","hentry"],"_links":{"self":[{"href":"https:\/\/meating.si\/index.php\/wp-json\/wp\/v2\/pages\/122","targetHints":{"allow":["GET"]}}],"collection":[{"href":"https:\/\/meating.si\/index.php\/wp-json\/wp\/v2\/pages"}],"about":[{"href":"https:\/\/meating.si\/index.php\/wp-json\/wp\/v2\/types\/page"}],"author":[{"embeddable":true,"href":"https:\/\/meating.si\/index.php\/wp-json\/wp\/v2\/users\/1"}],"replies":[{"embeddable":true,"href":"https:\/\/meating.si\/index.php\/wp-json\/wp\/v2\/comments?post=122"}],"version-history":[{"count":8,"href":"https:\/\/meating.si\/index.php\/wp-json\/wp\/v2\/pages\/122\/revisions"}],"predecessor-version":[{"id":478,"href":"https:\/\/meating.si\/index.php\/wp-json\/wp\/v2\/pages\/122\/revisions\/478"}],"wp:attachment":[{"href":"https:\/\/meating.si\/index.php\/wp-json\/wp\/v2\/media?parent=122"}],"curies":[{"name":"wp","href":"https:\/\/api.w.org\/{rel}","templated":true}]}}